{"id":749,"date":"2026-03-07T07:41:15","date_gmt":"2026-03-07T07:41:15","guid":{"rendered":"https:\/\/musaiq.eu\/?page_id=749"},"modified":"2026-03-09T07:47:47","modified_gmt":"2026-03-09T07:47:47","slug":"musaiq-e-v-2","status":"publish","type":"page","link":"https:\/\/musaiq.eu\/","title":{"rendered":"MUSAIQ e.V."},"content":{"rendered":"\n<pre class=\"wp-block-verse\"><strong>Wir organisieren kulturelle Bildungsprojekte im l\u00e4ndlichen Sachsen-Anhalt und schaffen R\u00e4ume f\u00fcr transkulturellen Austausch und kreatives Lernen.<\/strong><\/pre>\n\n\n\n<p>MUSAIQ e.V. ist ein ehrenamtlich organisierter Verein. Unsere Arbeit findet vor allem im l\u00e4ndlichen Raum Sachsen-Anhalts statt, insbesondere im Saalekreis und im Landkreis Mansfeld-S\u00fcdharz.<\/p>\n\n\n\n<p>Im Mittelpunkt stehen kulturelle und partizipative Bildungsangebote. Mit k\u00fcnstlerischen Formaten, Veranstaltungen und gemeinschaftlichen Aktivit\u00e4ten schaffen wir R\u00e4ume f\u00fcr Begegnung, Austausch und gemeinsames Lernen.<\/p>\n\n\n\n<p>In unseren Workshops greifen wir dabei auch globale Themen auf und besch\u00e4ftigen uns mit unterschiedlichen Lebensrealit\u00e4ten, gesellschaftlichen Fragen und Perspektiven aus verschiedenen Teilen der Welt.<\/p>\n\n\n\n<p>Unsere Angebote richten sich vor allem an Kinder, Jugendliche und Menschen vor Ort im l\u00e4ndlichen Raum Sachsen-Anhalts.<br>Viele unserer Projekte entstehen in Zusammenarbeit mit Schulen, Vereinen und lokalen Initiativen und werden durch ehrenamtliches Engagement getragen.<\/p>\n","protected":false},"excerpt":{"rendered":"<p>Wir organisieren kulturelle Bildungsprojekte im l\u00e4ndlichen Sachsen-Anhalt und schaffen R\u00e4ume f\u00fcr transkulturellen Austausch und kreatives Lernen. MUSAIQ e.V. ist ein ehrenamtlich organisierter Verein. Unsere Arbeit findet vor allem im l\u00e4ndlichen Raum Sachsen-Anhalts statt, insbesondere im Saalekreis und im Landkreis Mansfeld-S\u00fcdharz. Im Mittelpunkt stehen kulturelle und partizipative Bildungsangebote. Mit k\u00fcnstlerischen Formaten, Veranstaltungen und gemeinschaftlichen Aktivit\u00e4ten schaffen &hellip; <\/p>\n<p class=\"link-more\"><a href=\"https:\/\/musaiq.eu\/\" class=\"more-link\"><span class=\"screen-reader-text\">\u201eMUSAIQ e.V.\u201c<\/span> weiterlesen<\/a><\/p>\n","protected":false},"author":1,"featured_media":208,"parent":0,"menu_order":0,"comment_status":"closed","ping_status":"closed","template":"","meta":{"footnotes":""},"class_list":["post-749","page","type-page","status-publish","has-post-thumbnail","hentry"],"_links":{"self":[{"href":"https:\/\/musaiq.eu\/index.php?rest_route=\/wp\/v2\/pages\/749","targetHints":{"allow":["GET"]}}],"collection":[{"href":"https:\/\/musaiq.eu\/index.php?rest_route=\/wp\/v2\/pages"}],"about":[{"href":"https:\/\/musaiq.eu\/index.php?rest_route=\/wp\/v2\/types\/page"}],"author":[{"embeddable":true,"href":"https:\/\/musaiq.eu\/index.php?rest_route=\/wp\/v2\/users\/1"}],"replies":[{"embeddable":true,"href":"https:\/\/musaiq.eu\/index.php?rest_route=%2Fwp%2Fv2%2Fcomments&post=749"}],"version-history":[{"count":9,"href":"https:\/\/musaiq.eu\/index.php?rest_route=\/wp\/v2\/pages\/749\/revisions"}],"predecessor-version":[{"id":813,"href":"https:\/\/musaiq.eu\/index.php?rest_route=\/wp\/v2\/pages\/749\/revisions\/813"}],"wp:featuredmedia":[{"embeddable":true,"href":"https:\/\/musaiq.eu\/index.php?rest_route=\/wp\/v2\/media\/208"}],"wp:attachment":[{"href":"https:\/\/musaiq.eu\/index.php?rest_route=%2Fwp%2Fv2%2Fmedia&parent=749"}],"curies":[{"name":"wp","href":"https:\/\/api.w.org\/{rel}","templated":true}]}}