{"id":42,"date":"2024-12-31T13:52:18","date_gmt":"2024-12-31T13:52:18","guid":{"rendered":"https:\/\/musaiq.eu\/?page_id=42"},"modified":"2026-03-09T07:52:25","modified_gmt":"2026-03-09T07:52:25","slug":"musaiq-e-v","status":"publish","type":"page","link":"https:\/\/musaiq.eu\/?page_id=42","title":{"rendered":"\u00dcber uns"},"content":{"rendered":"\n<h2 class=\"wp-block-heading\" id=\"link4\">MUSAIQ e.V.<\/h2>\n\n\n\n<p>Der MUSAIQ e.V. ist ein ehrenamtlich organisierter Verein f\u00fcr Kunst, kulturelle Bildung und Begegnung mit Sitz in Sachsen-Anhalt. Unsere Projekte entstehen vor allem im l\u00e4ndlichen Raum und richten sich an Kinder, Jugendliche und Erwachsene.<\/p>\n\n\n\n<p>Der Verein versteht Kunst und Kultur als R\u00e4ume f\u00fcr Austausch, Lernen und gesellschaftliche Begegnung.<\/p>\n\n\n\n<hr class=\"wp-block-separator has-alpha-channel-opacity\"\/>\n\n\n\n<h2 class=\"wp-block-heading\">Unser Ansatz<\/h2>\n\n\n\n<p>Ein zentraler Leitgedanke unserer Arbeit ist Transkulturalit\u00e4t.<\/p>\n\n\n\n<p>Kultur verstehen wir als etwas, das im Austausch zwischen Menschen entsteht \u2013 durch Begegnung, durch das \u00dcberwinden von Grenzen zwischen Kulturen und durch das gemeinsame Entwickeln neuer Perspektiven.<\/p>\n\n\n\n<p>Viele der Menschen, die sich bei MUSAIQ e.V. engagieren, bringen internationale Lebensgeschichten und Erfahrungen aus unterschiedlichen Regionen der Welt mit. Als Migrant:innenorganisation verstehen wir diese Vielfalt als wichtige Grundlage unserer Arbeit und als Bereicherung f\u00fcr gemeinsame Lern- und Bildungsprozesse.<\/p>\n\n\n\n<hr class=\"wp-block-separator has-alpha-channel-opacity\"\/>\n\n\n\n<h2 class=\"wp-block-heading\">Was uns wichtig ist<\/h2>\n\n\n\n<ul class=\"wp-block-list\">\n<li>kulturelle partizipative Bildung und kreative Ausdrucksm\u00f6glichkeiten<\/li>\n\n\n\n<li>Begegnung zwischen Menschen mit unterschiedlichen Lebensgeschichten<\/li>\n\n\n\n<li>R\u00e4ume f\u00fcr Austausch, Beteiligung und gemeinsames Lernen<\/li>\n\n\n\n<li>Projekte f\u00fcr Kinder, Jugendliche und Erwachsene<\/li>\n\n\n\n<li>kulturelle und Bildungsangebote im l\u00e4ndlichen Raum Sachsen-Anhalts<\/li>\n\n\n\n<li>Unterst\u00fctzung migrantischer K\u00fcnstler:innen im l\u00e4ndlichen Sachsen-Anhalt<\/li>\n<\/ul>\n\n\n\n<hr class=\"wp-block-separator has-alpha-channel-opacity\"\/>\n\n\n\n<h2 class=\"wp-block-heading\">Was unsere Arbeit pr\u00e4gt<\/h2>\n\n\n\n<p>Unsere Projekte verbinden k\u00fcnstlerisches Arbeiten, kulturelle Bildung und globale Perspektiven. Dabei entstehen R\u00e4ume, in denen Menschen ihre Erfahrungen einbringen, voneinander lernen und gemeinsam kreativ werden k\u00f6nnen.<\/p>\n\n\n\n<p>Viele unserer Angebote richten sich an Kinder und Jugendliche, die nur eingeschr\u00e4nkten Zugang zu kulturellen und au\u00dferschulischen Bildungsangeboten haben. Durch kreative Methoden und partizipative Formate st\u00e4rken wir Austausch, Selbstwirksamkeit und gemeinschaftliches Lernen.<\/p>\n\n\n\n<hr class=\"wp-block-separator has-alpha-channel-opacity\"\/>\n\n\n\n<h2 class=\"wp-block-heading\">Ehrenamt<\/h2>\n\n\n\n<p id=\"link4\">Der MUSAIQ e.V. wird vollst\u00e4ndig ehrenamtlich getragen.<br>Die Projekte des Vereins entstehen durch das Engagement seiner Mitglieder und Unterst\u00fctzer:innen sowie durch Kooperationen mit lokalen Initiativen, Bildungseinrichtungen und sozialen Tr\u00e4gern.<\/p>\n\n\n\n<p><\/p>\n","protected":false},"excerpt":{"rendered":"<p>MUSAIQ e.V. Der MUSAIQ e.V. ist ein ehrenamtlich organisierter Verein f\u00fcr Kunst, kulturelle Bildung und Begegnung mit Sitz in Sachsen-Anhalt. Unsere Projekte entstehen vor allem im l\u00e4ndlichen Raum und richten sich an Kinder, Jugendliche und Erwachsene. Der Verein versteht Kunst und Kultur als R\u00e4ume f\u00fcr Austausch, Lernen und gesellschaftliche Begegnung. Unser Ansatz Ein zentraler Leitgedanke &hellip; <\/p>\n<p class=\"link-more\"><a href=\"https:\/\/musaiq.eu\/?page_id=42\" class=\"more-link\"><span class=\"screen-reader-text\">\u201e\u00dcber uns\u201c<\/span> weiterlesen<\/a><\/p>\n","protected":false},"author":1,"featured_media":0,"parent":0,"menu_order":0,"comment_status":"closed","ping_status":"closed","template":"","meta":{"footnotes":""},"class_list":["post-42","page","type-page","status-publish","hentry"],"_links":{"self":[{"href":"https:\/\/musaiq.eu\/index.php?rest_route=\/wp\/v2\/pages\/42","targetHints":{"allow":["GET"]}}],"collection":[{"href":"https:\/\/musaiq.eu\/index.php?rest_route=\/wp\/v2\/pages"}],"about":[{"href":"https:\/\/musaiq.eu\/index.php?rest_route=\/wp\/v2\/types\/page"}],"author":[{"embeddable":true,"href":"https:\/\/musaiq.eu\/index.php?rest_route=\/wp\/v2\/users\/1"}],"replies":[{"embeddable":true,"href":"https:\/\/musaiq.eu\/index.php?rest_route=%2Fwp%2Fv2%2Fcomments&post=42"}],"version-history":[{"count":18,"href":"https:\/\/musaiq.eu\/index.php?rest_route=\/wp\/v2\/pages\/42\/revisions"}],"predecessor-version":[{"id":819,"href":"https:\/\/musaiq.eu\/index.php?rest_route=\/wp\/v2\/pages\/42\/revisions\/819"}],"wp:attachment":[{"href":"https:\/\/musaiq.eu\/index.php?rest_route=%2Fwp%2Fv2%2Fmedia&parent=42"}],"curies":[{"name":"wp","href":"https:\/\/api.w.org\/{rel}","templated":true}]}}