{"id":572,"date":"2026-02-24T07:17:22","date_gmt":"2026-02-24T07:17:22","guid":{"rendered":"https:\/\/musaiq.eu\/?page_id=572"},"modified":"2026-03-06T07:49:51","modified_gmt":"2026-03-06T07:49:51","slug":"projekte-und-aktionen-2025","status":"publish","type":"page","link":"http:\/\/musaiq.eu\/?page_id=572","title":{"rendered":"Projekte und Aktionen 2025"},"content":{"rendered":"\n<h2 class=\"wp-block-heading\">Unser ehrenamtliches Engagement<\/h2>\n\n\n<ul class=\"wp-block-latest-posts__list wp-block-latest-posts\"><li><a class=\"wp-block-latest-posts__post-title\" href=\"http:\/\/musaiq.eu\/?p=738\">HALLIANZ Forum 2025<\/a><div class=\"wp-block-latest-posts__post-excerpt\">Mehr als 80 Engagierte kamen am 29. April 2025 zum HALLIANZ Forum in der Passage 13 in Halle-Neustadt zusammen. Mit dabei die ehrenamtlich Engagierten des &hellip; <p class=\"link-more\"><a href=\"http:\/\/musaiq.eu\/?p=738\" class=\"more-link\"><span class=\"screen-reader-text\">\u201eHALLIANZ Forum 2025\u201c<\/span> weiterlesen<\/a><\/p><\/div><\/li>\n<li><a class=\"wp-block-latest-posts__post-title\" href=\"http:\/\/musaiq.eu\/?p=716\">Tee und Henna auf dem Zuckerfest<\/a><div class=\"wp-block-latest-posts__post-excerpt\">Am 31. M\u00e4rz 2025 feierten wir in Halle Neustadt ein\u00a0Kinder- und Familienfest aus Anlass des muslimischen Zuckerfestes. Organisiert wurde die Veranstaltung hauptverantwortlich vom Projekt #unserhayat &hellip; <p class=\"link-more\"><a href=\"http:\/\/musaiq.eu\/?p=716\" class=\"more-link\"><span class=\"screen-reader-text\">\u201eTee und Henna auf dem Zuckerfest\u201c<\/span> weiterlesen<\/a><\/p><\/div><\/li>\n<\/ul>\n\n\n<h2 class=\"wp-block-heading\">Unsere gef\u00f6rderten Projekte<\/h2>\n\n\n<ul class=\"wp-block-latest-posts__list wp-block-latest-posts\"><li><a class=\"wp-block-latest-posts__post-title\" href=\"http:\/\/musaiq.eu\/?p=667\">Feriencamp | SDG Workshopserie<\/a><div class=\"wp-block-latest-posts__post-excerpt\">Im Sommer 2025 veranstaltete der MUSAIQ e.V. eine dreiteilige Workshopserie zu ausgew\u00e4hlten UN-Nachhaltigkeitszielen (SDGs) in Querfurt. An drei Wochenenden setzten sich Kinder und Jugendliche &hellip; <p class=\"link-more\"><a href=\"http:\/\/musaiq.eu\/?p=667\" class=\"more-link\"><span class=\"screen-reader-text\">\u201eFeriencamp | SDG Workshopserie\u201c<\/span> weiterlesen<\/a><\/p><\/div><\/li>\n<li><a class=\"wp-block-latest-posts__post-title\" href=\"http:\/\/musaiq.eu\/?p=645\">Kursangebot | Heimatkunstreise \u2013 von so weit her bis hier hin<\/a><div class=\"wp-block-latest-posts__post-excerpt\">Im Projekt \u201eHeimatkunstreise\u201c setzten sich Kinder und Jugendliche aus Sangerhausen und Umgebung k\u00fcnstlerisch mit Fragen zu Heimat, Herkunft und Identit\u00e4t auseinander. In regelm\u00e4\u00dfigen Kunstnachmittagen &hellip; <p class=\"link-more\"><a href=\"http:\/\/musaiq.eu\/?p=645\" class=\"more-link\"><span class=\"screen-reader-text\">\u201eKursangebot | Heimatkunstreise \u2013 von so weit her bis hier hin\u201c<\/span> weiterlesen<\/a><\/p><\/div><\/li>\n<li><a class=\"wp-block-latest-posts__post-title\" href=\"http:\/\/musaiq.eu\/?p=613\">Ferienkurse | Be Yourself<\/a><div class=\"wp-block-latest-posts__post-excerpt\">\u201eBe Yourself\u201c richtete sich an Kinder und Jugendliche aus der Region Sangerhausen und bot kreative Ferienworkshops. Im Zentrum stand die k\u00fcnstlerische Auseinandersetzung mit eigenen &hellip; <p class=\"link-more\"><a href=\"http:\/\/musaiq.eu\/?p=613\" class=\"more-link\"><span class=\"screen-reader-text\">\u201eFerienkurse | Be Yourself\u201c<\/span> weiterlesen<\/a><\/p><\/div><\/li>\n<li><a class=\"wp-block-latest-posts__post-title\" href=\"http:\/\/musaiq.eu\/?p=573\">Kursangebot | PERSPEKTIVEN &#8211; Sangerhausen<\/a><div class=\"wp-block-latest-posts__post-excerpt\">Mit dem regelm\u00e4\u00dfigen Workshopformat \u201ePERSPEKTIVEN | Sangerhausen\u201c schufen wir im Jahr 2025 einen Raum f\u00fcr junge Menschen, um sich fotografisch und gestalterisch auszudr\u00fccken. Durch &hellip; <p class=\"link-more\"><a href=\"http:\/\/musaiq.eu\/?p=573\" class=\"more-link\"><span class=\"screen-reader-text\">\u201eKursangebot | PERSPEKTIVEN &#8211; Sangerhausen\u201c<\/span> weiterlesen<\/a><\/p><\/div><\/li>\n<\/ul>\n\n\n<h2 class=\"wp-block-heading\">Was wir sonst noch machen<\/h2>\n\n\n<ul class=\"wp-block-latest-posts__list wp-block-latest-posts\"><li><a class=\"wp-block-latest-posts__post-title\" href=\"http:\/\/musaiq.eu\/?p=745\">Workshops<\/a><div class=\"wp-block-latest-posts__post-excerpt\">Auch im Jahr 2025 wurden wir f\u00fcr Workshops im Bereich Globales Lernen angefragt. In unseren Workshops setzen sich Teilnehmende mit globalen Zusammenh\u00e4ngen, Fragen von Gerechtigkeit &hellip; <p class=\"link-more\"><a href=\"http:\/\/musaiq.eu\/?p=745\" class=\"more-link\"><span class=\"screen-reader-text\">\u201eWorkshops\u201c<\/span> weiterlesen<\/a><\/p><\/div><\/li>\n<li><a class=\"wp-block-latest-posts__post-title\" href=\"http:\/\/musaiq.eu\/?p=743\">Vegetarisches syrisches Catering<\/a><div class=\"wp-block-latest-posts__post-excerpt\">2025 begleiten wir Veranstaltungen mit unserem syrischen Catering. Dabei verstehen wir die Verpflegung nicht nur als kulinarisches Angebot, sondern auch als Beitrag zur interkulturellen Begegnung. &hellip; <p class=\"link-more\"><a href=\"http:\/\/musaiq.eu\/?p=743\" class=\"more-link\"><span class=\"screen-reader-text\">\u201eVegetarisches syrisches Catering\u201c<\/span> weiterlesen<\/a><\/p><\/div><\/li>\n<li><a class=\"wp-block-latest-posts__post-title\" href=\"http:\/\/musaiq.eu\/?p=698\">Weiterbildung im Globalen Lernen und BNE<\/a><div class=\"wp-block-latest-posts__post-excerpt\">Von August 2025 bis Fr\u00fchjahr 2026 nahmen f\u00fcnf Menschen aus dem Verein und dem Umfeld vom MUSAIQ e.V. an der Qualifizierungsreihe &#8222;Globales Lernen und Bildung &hellip; <p class=\"link-more\"><a href=\"http:\/\/musaiq.eu\/?p=698\" class=\"more-link\"><span class=\"screen-reader-text\">\u201eWeiterbildung im Globalen Lernen und BNE\u201c<\/span> weiterlesen<\/a><\/p><\/div><\/li>\n<\/ul>","protected":false},"excerpt":{"rendered":"<p>Unser ehrenamtliches Engagement Unsere gef\u00f6rderten Projekte Was wir sonst noch machen<\/p>\n","protected":false},"author":1,"featured_media":0,"parent":0,"menu_order":0,"comment_status":"closed","ping_status":"closed","template":"","meta":{"footnotes":""},"class_list":["post-572","page","type-page","status-publish","hentry"],"_links":{"self":[{"href":"http:\/\/musaiq.eu\/index.php?rest_route=\/wp\/v2\/pages\/572","targetHints":{"allow":["GET"]}}],"collection":[{"href":"http:\/\/musaiq.eu\/index.php?rest_route=\/wp\/v2\/pages"}],"about":[{"href":"http:\/\/musaiq.eu\/index.php?rest_route=\/wp\/v2\/types\/page"}],"author":[{"embeddable":true,"href":"http:\/\/musaiq.eu\/index.php?rest_route=\/wp\/v2\/users\/1"}],"replies":[{"embeddable":true,"href":"http:\/\/musaiq.eu\/index.php?rest_route=%2Fwp%2Fv2%2Fcomments&post=572"}],"version-history":[{"count":8,"href":"http:\/\/musaiq.eu\/index.php?rest_route=\/wp\/v2\/pages\/572\/revisions"}],"predecessor-version":[{"id":736,"href":"http:\/\/musaiq.eu\/index.php?rest_route=\/wp\/v2\/pages\/572\/revisions\/736"}],"wp:attachment":[{"href":"http:\/\/musaiq.eu\/index.php?rest_route=%2Fwp%2Fv2%2Fmedia&parent=572"}],"curies":[{"name":"wp","href":"https:\/\/api.w.org\/{rel}","templated":true}]}}